{"id":12,"date":"2013-06-27T06:19:51","date_gmt":"2013-06-27T06:19:51","guid":{"rendered":"http:\/\/bandashcb.com\/?page_id=12"},"modified":"2013-07-31T04:35:35","modified_gmt":"2013-07-31T04:35:35","slug":"vision","status":"publish","type":"page","link":"https:\/\/bandashcb.com\/?page_id=12","title":{"rendered":"Visi\u00f3n"},"content":{"rendered":"<h1 style=\"text-align: center;\" align=\"JUSTIFY\"><style type=\"text\/css\">@media screen and (max-width: 270px) {#cuteslider_3_wrapper .br-caption-content {font-size: 90%;}}@media screen and (max-width: 240px) {#cuteslider_3_wrapper .br-caption-content {font-size: 80%;}}@media screen and (max-width: 210px) {#cuteslider_3_wrapper .br-caption-content {font-size: 70%;}}@media screen and (max-width: 180px) {#cuteslider_3_wrapper .br-caption-content {font-size: 60%;}}@media screen and (max-width: 150px) {#cuteslider_3_wrapper .br-caption-content {font-size: 50%;}}@media screen and (max-width: 120px) {#cuteslider_3_wrapper .br-caption-content {font-size: 40%;}}@media screen and (max-width: 90px) {#cuteslider_3_wrapper .br-caption-content {font-size: 30%;}}@media screen and (max-width: 60px) {#cuteslider_3_wrapper .br-caption-content {font-size: 20%;}}@media screen and (max-width: 30px) {#cuteslider_3_wrapper .br-caption-content {font-size: 10%;}}@media screen and (max-width: 0px) {#cuteslider_3_wrapper .br-caption-content {font-size: 0%;}}@media screen and (max-width: -30px) {#cuteslider_3_wrapper .br-caption-content {font-size: -10%;}}@media screen and (max-width: -60px) {#cuteslider_3_wrapper .br-caption-content {font-size: -20%;}}@media screen and (max-width: -90px) {#cuteslider_3_wrapper .br-caption-content {font-size: -30%;}}@media screen and (max-width: -120px) {#cuteslider_3_wrapper .br-caption-content {font-size: -40%;}}@media screen and (max-width: -150px) {#cuteslider_3_wrapper .br-caption-content {font-size: -50%;}}@media screen and (max-width: -180px) {#cuteslider_3_wrapper .br-caption-content {font-size: -60%;}}@media screen and (max-width: -210px) {#cuteslider_3_wrapper .br-caption-content {font-size: -70%;}}@media screen and (max-width: -240px) {#cuteslider_3_wrapper .br-caption-content {font-size: -80%;}}@media screen and (max-width: -270px) {#cuteslider_3_wrapper .br-caption-content {font-size: -90%;}}#cuteslider_3_wrapper { width:  300px;margin: 0px auto;min-width:300px;max-width:350px;}#cuteslider_3 { }<\/style><div id=\"cuteslider_3_wrapper\" class=\"cs-default\"><div id=\"cuteslider_3\" class=\"cute-slider\" data-width=\" 300\" data-height=\"200\" data-overpause=\"true\"  data-shuffle=\"true\"><ul data-type=\"slides\"><li data-delay=\"4\" data-src=\"4\" data-trans3d=\"tr1,tr2,tr3,tr4,tr5,tr6,tr7,tr8,tr9,tr10,tr11,tr12,tr13,tr14,tr15,tr16,tr17,tr18,tr19,tr20,tr21,tr22,tr23,tr24,tr25,tr26,tr27,tr28,tr29,tr30,tr31,tr32,tr33,tr34,tr35,tr36,tr37,tr38,tr39,tr40,tr41,tr42,tr43,tr44,tr45,tr46,tr47,tr48,tr49,tr50,tr51,tr52,tr53,tr54,tr55,tr56,tr57,tr58,tr59,tr60,tr61,tr62,tr63,tr64\" data-trans2d=\"tr1,tr2,tr3,tr4,tr5,tr6,tr7,tr8,tr9,tr10,tr11,tr12,tr13,tr14,tr15,tr16,tr17,tr18,tr19,tr20,tr21,tr22,tr23,tr24,tr25,tr26,tr27,tr28,tr29,tr30,tr31,tr32,tr33,tr34,tr35,tr36,tr37,tr38,tr39,tr40\"><img decoding=\"async\"  src=\"http:\/\/bandashcb.com\/wp-content\/uploads\/2013\/06\/OPCION-12.jpg\" data-thumb=\"http:\/\/bandashcb.com\/wp-content\/uploads\/2013\/06\/OPCION-12.jpg\"><\/li><li data-delay=\"4\" data-src=\"4\" data-trans3d=\"tr1,tr2,tr3,tr4,tr5,tr6,tr7,tr8,tr9,tr10,tr11,tr12,tr13,tr14,tr15,tr16,tr17,tr18,tr19,tr20,tr21,tr22,tr23,tr24,tr25,tr26,tr27,tr28,tr29,tr30,tr31,tr32,tr33,tr34,tr35,tr36,tr37,tr38,tr39,tr40,tr41,tr42,tr43,tr44,tr45,tr46,tr47,tr48,tr49,tr50,tr51,tr52,tr53,tr54,tr55,tr56,tr57,tr58,tr59,tr60,tr61,tr62,tr63,tr64\" data-trans2d=\"tr1,tr2,tr3,tr4,tr5,tr6,tr7,tr8,tr9,tr10,tr11,tr12,tr13,tr14,tr15,tr16,tr17,tr18,tr19,tr20,tr21,tr22,tr23,tr24,tr25,tr26,tr27,tr28,tr29,tr30,tr31,tr32,tr33,tr34,tr35,tr36,tr37,tr38,tr39,tr40\"><img decoding=\"async\"  src=\"https:\/\/bandashcb.com\/wp-content\/plugins\/CuteSlider\/img\/blank.png\" data-src=\"http:\/\/bandashcb.com\/wp-content\/uploads\/2013\/06\/OPCION-7.jpg\" data-thumb=\"http:\/\/bandashcb.com\/wp-content\/uploads\/2013\/06\/OPCION-7.jpg\"><\/li><li data-delay=\"4\" data-src=\"4\" data-trans3d=\"tr1,tr2,tr3,tr4,tr5,tr6,tr7,tr8,tr9,tr10,tr11,tr12,tr13,tr14,tr15,tr16,tr17,tr18,tr19,tr20,tr21,tr22,tr23,tr24,tr25,tr26,tr27,tr28,tr29,tr30,tr31,tr32,tr33,tr34,tr35,tr36,tr37,tr38,tr39,tr40,tr41,tr42,tr43,tr44,tr45,tr46,tr47,tr48,tr49,tr50,tr51,tr52,tr53,tr54,tr55,tr56,tr57,tr58,tr59,tr60,tr61,tr62,tr63,tr64\" data-trans2d=\"tr1,tr2,tr3,tr4,tr5,tr6,tr7,tr8,tr9,tr10,tr11,tr12,tr13,tr14,tr15,tr16,tr17,tr18,tr19,tr20,tr21,tr22,tr23,tr24,tr25,tr26,tr27,tr28,tr29,tr30,tr31,tr32,tr33,tr34,tr35,tr36,tr37,tr38,tr39,tr40\"><img decoding=\"async\"  src=\"https:\/\/bandashcb.com\/wp-content\/plugins\/CuteSlider\/img\/blank.png\" data-src=\"http:\/\/bandashcb.com\/wp-content\/uploads\/2013\/06\/OPCION-8.jpg\" data-thumb=\"http:\/\/bandashcb.com\/wp-content\/uploads\/2013\/06\/OPCION-8.jpg\"><\/li><\/ul><ul data-type=\"controls\"><li data-type=\"captions\"><\/li><li data-type=\"link\"><\/li><li data-type=\"video\"><\/li><li data-type=\"slideinfo\"><\/li><li data-type=\"next\"> <\/li><li data-type=\"previous\"><\/li><\/ul><\/div><\/div><script type=\"text\/javascript\">var cuteslider3 = new Cute.Slider();cuteslider3.setup(\"cuteslider_3\" , \"cuteslider_3_wrapper\", \"https:\/\/bandashcb.com\/wp-content\/plugins\/CuteSlider\/skins\/default\/style\/slider-style.css\");cuteslider3.api.addEventListener(Cute.SliderEvent.CHANGE_START, function(event) { });cuteslider3.api.addEventListener(Cute.SliderEvent.CHANGE_END, function(event) { });cuteslider3.api.addEventListener(Cute.SliderEvent.WATING, function(event) { });cuteslider3.api.addEventListener(Cute.SliderEvent.CHANGE_NEXT_SLIDE, function(event) { });cuteslider3.api.addEventListener(Cute.SliderEvent.WATING_FOR_NEXT, function(event) { });<\/script><\/h1>\n<p align=\"JUSTIFY\">[h3a]Visi\u00f3n[\/h3a]<\/p>\n<p>Ser la empresa l\u00edder, y competitiva confiable y primera opci\u00f3n para los clientes, ofreciendo calidad el mejor trato y entrega oportuna al mejor precio, para lograr introducir al mercado mexicano nuestros productos para satisfacer necesidades actuales de la industria, superando las expectativas del cliente, servicio oportuno y precios competitivos. Contando con personal capacitado constantemente e interesado en brindar la asesor\u00eda que nuestros clientes necesitan a plena satisfacci\u00f3n, para garantizarle un trabajo profesional y de calidad as\u00ed mismo lograr el crecimiento de la empresa en el mercado, distingui\u00e9ndonos con el trato cordial.<\/p>\n<p>&nbsp;<\/p>\n<p>[h3a]Nuestros valores[\/h3a]<\/p>\n<ul>\n<li><b>Responsabilidad:\u00a0<\/b>en nuestro trabajo.<\/li>\n<li><b>Honestidad:<\/b> con nuestra empresa, con los clientes y con nosotros mismos.<\/li>\n<li><b>Respeto:\u00a0<\/b>hacia nosotros mismos, con nuestros compa\u00f1eros y nuestros clientes.<\/li>\n<li><b>Compromiso:<\/b> con los lineamientos y metas de la empresa.<\/li>\n<li><b>Trabajo en Equipo:<\/b>\u00a0trabajando juntos, mano a mano para el logro de nuestros objetivos.<\/li>\n<li><b>Vocaci\u00f3n de Servicio:<\/b> motivados por el deseo de ayudar y servir a nuestros clientes, comprender y satisfacer sus necesidades.<\/li>\n<\/ul>\n","protected":false},"excerpt":{"rendered":"<p>[h3a]Visi\u00f3n[\/h3a] Ser la empresa l\u00edder, y competitiva confiable y primera opci\u00f3n para los clientes, ofreciendo calidad el mejor trato y entrega oportuna al mejor precio, para lograr introducir al mercado mexicano nuestros productos para satisfacer necesidades actuales de la industria, superando las expectativas del cliente, servicio oportuno y precios competitivos. Contando con personal capacitado constantemente [&hellip;]<\/p>\n","protected":false},"author":1,"featured_media":0,"parent":0,"menu_order":0,"comment_status":"open","ping_status":"open","template":"","meta":{"footnotes":""},"class_list":["post-12","page","type-page","status-publish","hentry"],"_links":{"self":[{"href":"https:\/\/bandashcb.com\/index.php?rest_route=\/wp\/v2\/pages\/12","targetHints":{"allow":["GET"]}}],"collection":[{"href":"https:\/\/bandashcb.com\/index.php?rest_route=\/wp\/v2\/pages"}],"about":[{"href":"https:\/\/bandashcb.com\/index.php?rest_route=\/wp\/v2\/types\/page"}],"author":[{"embeddable":true,"href":"https:\/\/bandashcb.com\/index.php?rest_route=\/wp\/v2\/users\/1"}],"replies":[{"embeddable":true,"href":"https:\/\/bandashcb.com\/index.php?rest_route=%2Fwp%2Fv2%2Fcomments&post=12"}],"version-history":[{"count":14,"href":"https:\/\/bandashcb.com\/index.php?rest_route=\/wp\/v2\/pages\/12\/revisions"}],"predecessor-version":[{"id":507,"href":"https:\/\/bandashcb.com\/index.php?rest_route=\/wp\/v2\/pages\/12\/revisions\/507"}],"wp:attachment":[{"href":"https:\/\/bandashcb.com\/index.php?rest_route=%2Fwp%2Fv2%2Fmedia&parent=12"}],"curies":[{"name":"wp","href":"https:\/\/api.w.org\/{rel}","templated":true}]}}