{"id":13,"date":"2013-06-27T06:20:01","date_gmt":"2013-06-27T06:20:01","guid":{"rendered":"http:\/\/bandashcb.com\/?page_id=13"},"modified":"2016-01-22T03:56:53","modified_gmt":"2016-01-22T03:56:53","slug":"mision","status":"publish","type":"page","link":"https:\/\/bandashcb.com\/?page_id=13","title":{"rendered":"Misi\u00f3n"},"content":{"rendered":"<p><script>\/\/ <![CDATA[\n(function(i,s,o,g,r,a,m){i['GoogleAnalyticsObject']=r;i[r]=i[r]||function(){ (i[r].q=i[r].q||[]).push(arguments)},i[r].l=1*new Date();a=s.createElement(o), m=s.getElementsByTagName(o)[0];a.async=1;a.src=g;m.parentNode.insertBefore(a,m) })(window,document,'script','\/\/www.google-analytics.com\/analytics.js','ga'); ga('create', 'UA-44106700-1', 'bandashcb.com'); ga('send', 'pageview');\n\/\/ ]]><\/script><\/p>\n<h1 style=\"text-align: left;\" align=\"JUSTIFY\">[h3a]Misi\u00f3n[\/h3a]<\/h1>\n<p align=\"JUSTIFY\">Ofrecer siempre a nuestros clientes una opci\u00f3n innovadora para su empresa a la m\u00e1s alta calidad al mejor precio por medio de nuestro equipo de trabajo capacitado y un excelente nivel de servicio.<\/p>\n<h1 align=\"JUSTIFY\">[h3a]Objetivo[\/h3a]<\/h1>\n<p align=\"JUSTIFY\">Estamos comprometidos con la plena satisfacci\u00f3n de los requerimientos de nuestros clientes, y en la b\u00fasqueda constante de nuevos productos que logren maximizar la relaci\u00f3n costo- beneficio de productos actuales, es decir, ofrecer los mejores precios del mercado y al mismo tiempo la m\u00e1s alta calidad; tambi\u00e9n, lograr identificar los cambios en el mercado global con la finalidad de proporcionar siempre un buen servicio.<\/p>\n","protected":false},"excerpt":{"rendered":"<p>[h3a]Misi\u00f3n[\/h3a] Ofrecer siempre a nuestros clientes una opci\u00f3n innovadora para su empresa a la m\u00e1s alta calidad al mejor precio por medio de nuestro equipo de trabajo capacitado y un excelente nivel de servicio. [h3a]Objetivo[\/h3a] Estamos comprometidos con la plena satisfacci\u00f3n de los requerimientos de nuestros clientes, y en la b\u00fasqueda constante de nuevos productos [&hellip;]<\/p>\n","protected":false},"author":1,"featured_media":0,"parent":0,"menu_order":0,"comment_status":"open","ping_status":"open","template":"","meta":{"footnotes":""},"class_list":["post-13","page","type-page","status-publish","hentry"],"_links":{"self":[{"href":"https:\/\/bandashcb.com\/index.php?rest_route=\/wp\/v2\/pages\/13","targetHints":{"allow":["GET"]}}],"collection":[{"href":"https:\/\/bandashcb.com\/index.php?rest_route=\/wp\/v2\/pages"}],"about":[{"href":"https:\/\/bandashcb.com\/index.php?rest_route=\/wp\/v2\/types\/page"}],"author":[{"embeddable":true,"href":"https:\/\/bandashcb.com\/index.php?rest_route=\/wp\/v2\/users\/1"}],"replies":[{"embeddable":true,"href":"https:\/\/bandashcb.com\/index.php?rest_route=%2Fwp%2Fv2%2Fcomments&post=13"}],"version-history":[{"count":36,"href":"https:\/\/bandashcb.com\/index.php?rest_route=\/wp\/v2\/pages\/13\/revisions"}],"predecessor-version":[{"id":903,"href":"https:\/\/bandashcb.com\/index.php?rest_route=\/wp\/v2\/pages\/13\/revisions\/903"}],"wp:attachment":[{"href":"https:\/\/bandashcb.com\/index.php?rest_route=%2Fwp%2Fv2%2Fmedia&parent=13"}],"curies":[{"name":"wp","href":"https:\/\/api.w.org\/{rel}","templated":true}]}}