{"id":181,"date":"2013-03-11T02:41:42","date_gmt":"2013-03-11T02:41:42","guid":{"rendered":"http:\/\/bandashcb.com\/?page_id=181"},"modified":"2016-01-22T03:52:34","modified_gmt":"2016-01-22T03:52:34","slug":"productos-2","status":"publish","type":"page","link":"https:\/\/bandashcb.com\/?page_id=181","title":{"rendered":"Productos"},"content":{"rendered":"<p><script type=\"text\/javascript\">\/\/ <![CDATA[\n(function(i,s,o,g,r,a,m){i['GoogleAnalyticsObject']=r;i[r]=i[r]||function(){ (i[r].q=i[r].q||[]).push(arguments)},i[r].l=1*new Date();a=s.createElement(o), m=s.getElementsByTagName(o)[0];a.async=1;a.src=g;m.parentNode.insertBefore(a,m) })(window,document,'script','\/\/www.google-analytics.com\/analytics.js','ga'); ga('create', 'UA-44106700-1', 'bandashcb.com'); ga('send', 'pageview');\n\/\/ ]]><\/script><br \/>\n<strong>Hacer\u00a0b\u00fasqueda:<\/strong><\/p>\n<form class=\"form-search\" action=\"http:\/\/bandashcb.com\" method=\"get\"><input class=\"input-medium search-query\" name=\"s\" type=\"text\" \/><button class=\"btn btn-danger\" type=\"submit\">Buscar Producto<\/button><\/form>\n<p><strong>A continuaci\u00f3n se muestra nuestra lista de productos:<\/strong><br \/>\n<em> (al hacer clic en el nombre del producto se abrir\u00e1 una pagina nueva con\u00a0informaci\u00f3n acerca del producto\u00a0)<\/em><\/p>\n","protected":false},"excerpt":{"rendered":"<p>Hacer\u00a0b\u00fasqueda: Buscar Producto A continuaci\u00f3n se muestra nuestra lista de productos: (al hacer clic en el nombre del producto se abrir\u00e1 una pagina nueva con\u00a0informaci\u00f3n acerca del producto\u00a0)<\/p>\n","protected":false},"author":1,"featured_media":0,"parent":0,"menu_order":0,"comment_status":"open","ping_status":"open","template":"","meta":{"footnotes":""},"class_list":["post-181","page","type-page","status-publish","hentry"],"_links":{"self":[{"href":"https:\/\/bandashcb.com\/index.php?rest_route=\/wp\/v2\/pages\/181","targetHints":{"allow":["GET"]}}],"collection":[{"href":"https:\/\/bandashcb.com\/index.php?rest_route=\/wp\/v2\/pages"}],"about":[{"href":"https:\/\/bandashcb.com\/index.php?rest_route=\/wp\/v2\/types\/page"}],"author":[{"embeddable":true,"href":"https:\/\/bandashcb.com\/index.php?rest_route=\/wp\/v2\/users\/1"}],"replies":[{"embeddable":true,"href":"https:\/\/bandashcb.com\/index.php?rest_route=%2Fwp%2Fv2%2Fcomments&post=181"}],"version-history":[{"count":27,"href":"https:\/\/bandashcb.com\/index.php?rest_route=\/wp\/v2\/pages\/181\/revisions"}],"predecessor-version":[{"id":901,"href":"https:\/\/bandashcb.com\/index.php?rest_route=\/wp\/v2\/pages\/181\/revisions\/901"}],"wp:attachment":[{"href":"https:\/\/bandashcb.com\/index.php?rest_route=%2Fwp%2Fv2%2Fmedia&parent=181"}],"curies":[{"name":"wp","href":"https:\/\/api.w.org\/{rel}","templated":true}]}}