{"id":2,"date":"2013-06-26T19:49:12","date_gmt":"2013-06-26T19:49:12","guid":{"rendered":"http:\/\/bandashcb.com\/?page_id=2"},"modified":"2025-01-02T16:58:59","modified_gmt":"2025-01-02T16:58:59","slug":"sample-page","status":"publish","type":"page","link":"https:\/\/bandashcb.com\/","title":{"rendered":"Home"},"content":{"rendered":"<p><script type=\"text\/javascript\">\/\/ <![CDATA[\n(function(i,s,o,g,r,a,m){i['GoogleAnalyticsObject']=r;i[r]=i[r]||function(){ (i[r].q=i[r].q||[]).push(arguments)},i[r].l=1*new Date();a=s.createElement(o), m=s.getElementsByTagName(o)[0];a.async=1;a.src=g;m.parentNode.insertBefore(a,m) })(window,document,'script','\/\/www.google-analytics.com\/analytics.js','ga'); ga('create', 'UA-44106700-1', 'bandashcb.com'); ga('send', 'pageview');\n\/\/ ]]><\/script><\/p>\n<p style=\"text-align: justify;\" align=\"JUSTIFY\">[h3a]Acerca de HCB[\/h3a]<\/p>\n<p>HCB Bandas y Accesorios Industriales es una empresa mexicana dedicada a las necesidades del ramo industrial, es una comercializadora de bandas transportadoras de todo tipo, para uso de maquinaria industrial, material caliente, sanitario o envasado.<\/p>\n<p style=\"text-align: justify;\" align=\"JUSTIFY\">Si ya nos ha visitado con anterioridad le invitamos a hacer\u00a0b\u00fasquedas\u00a0de productos, por ejemplo: \u00a0Bandas, Accesorios, etc.<\/p>\n<form class=\"form-search\" action=\"http:\/\/bandashcb.com\" method=\"get\"><input class=\"input-medium search-query\" name=\"s\" type=\"text\" \/><button class=\"btn btn-danger\" type=\"submit\">Buscar Producto<\/button><\/form>\n<hr width=\"100%\" \/>\n<p style=\"text-align: center;\" align=\"JUSTIFY\">[h3a]Bienvenidos[\/h3a]<\/p>\n<p style=\"text-align: justify;\">Por este medio me es grato saludarle, y ponerme\u00a0a sus \u00f3rdenes para ofrecerle la l\u00ednea industrial\u00a0de productos y servicios que HCB pone a su\u00a0disposici\u00f3n, para las necesidades de su empresa garantizando\u00a0un buen servicio profesional, y la total calidad de nuestros productos.<\/p>\n<p>Les ofrecemos bandas transportadoras para manejo de arena, grava y todo material a granel y envasado, para material caliente, sanitario; as\u00ed como los accesorios para las mismas &#8211; empujadores, elevadores de cangilones y aplicaciones especiales, en las marcas Goodyear, Contitech, Fenner Dunlop.<\/p>\n<p>Ademas contamos con los productos Flexco: grapas, engrapadoras, herramientas manuales y mecanicas, entre otros, asi como tornillos para cangilon.<\/p>\n<p>De la misma manera, ponemos a su disposici\u00f3n hules industriales, vulcanizados, ahulados de poleas, o sobre dise\u00f1o que necesite, cemento industrial, rodillos y componentes para transportadores. Contamos con la asesor\u00eda de nuestros representados, y con el apoyo t\u00e9cnico necesario para resolver su problema, el servicio de instalaci\u00f3n para trabajos a la medida, para el manejo de todo tipo de materiales.<\/p>\n<p style=\"text-align: justify;\">En espera de que nos den la oportunidad de servirles, agradecemos su atenci\u00f3n a la presente y nos reiteramos como sus servidores.<\/p>\n<p style=\"text-align: center;\"><strong>Cordialmente:<\/strong><\/p>\n<p style=\"text-align: center;\"><strong>Ing. Humberto Casillas Benites<\/strong><\/p>\n<p style=\"text-align: center;\"><strong><em>Director General\u00a0<\/em><\/strong><\/p>\n<p>&nbsp;<\/p>\n<div style=\"overflow:hidden;height:1px;\"><a href=\"https:\/\/psychicreadingdeal.com\/palm-reading\/\">psychic palm reading<\/a><\/div>\n<div style=\"overflow:hidden;height:1px;\"><a href=\"https:\/\/pinupcasino-cl.com\">pin up casino<\/a><\/div>\n<div style=\"overflow:hidden;height:1px;\"><a href=\"https:\/\/lotocentre.kz\/kk\/\">loto club<\/a><\/div>\n<div style=\"overflow:hidden;height:1px;\"><a href=\"https:\/\/jeetcityau.com\/\">jeet city casino<\/a><\/div>\n<div style=\"overflow:hidden;height:1px;\"><a href=\"https:\/\/moonplaysand.com\/\">moonwin<\/a><\/div>\n<div style=\"overflow:hidden;height:1px;\"><a href=\"https:\/\/jeetcitycasino.org\/\">jeetcity casino<\/a><\/div>\n<div style=\"overflow:hidden;height:1px;\"><a href=\"https:\/\/jeetcity-ca.net\/\">jeetcity<\/a><\/div>\n<div style=\"overflow:hidden;height:1px;\"><a href=\"https:\/\/la-apuesta.net\/\">apuesta360<\/a><\/div>\n<div style=\"overflow:hidden;height:1px;\"><a href=\"https:\/\/slottica-kz.net\">slottica casino<\/a><\/div>\n<div style=\"overflow:hidden;height:1px;\"><a href=\"https:\/\/ulimep.com\/\">hub 420<\/a><\/div>\n<div style=\"overflow:hidden;height:1px;\"><a href=\"https:\/\/hub420.shop\/product-category\/thc-vape-pen\/\">thc vapes uk<\/a><\/div>\n<div style=\"overflow:hidden;height:1px;\"><a href=\"https:\/\/leoncasinogreece.net\/\">leon casino<\/a><\/div>\n","protected":false},"excerpt":{"rendered":"<p>[h3a]Acerca de HCB[\/h3a] HCB Bandas y Accesorios Industriales es una empresa mexicana dedicada a las necesidades del ramo industrial, es una comercializadora de bandas transportadoras de todo tipo, para uso de maquinaria industrial, material caliente, sanitario o envasado. Si ya nos ha visitado con anterioridad le invitamos a hacer\u00a0b\u00fasquedas\u00a0de productos, por ejemplo: \u00a0Bandas, Accesorios, etc. [&hellip;]<\/p>\n","protected":false},"author":1,"featured_media":0,"parent":0,"menu_order":0,"comment_status":"closed","ping_status":"closed","template":"","meta":{"footnotes":""},"class_list":["post-2","page","type-page","status-publish","hentry"],"_links":{"self":[{"href":"https:\/\/bandashcb.com\/index.php?rest_route=\/wp\/v2\/pages\/2","targetHints":{"allow":["GET"]}}],"collection":[{"href":"https:\/\/bandashcb.com\/index.php?rest_route=\/wp\/v2\/pages"}],"about":[{"href":"https:\/\/bandashcb.com\/index.php?rest_route=\/wp\/v2\/types\/page"}],"author":[{"embeddable":true,"href":"https:\/\/bandashcb.com\/index.php?rest_route=\/wp\/v2\/users\/1"}],"replies":[{"embeddable":true,"href":"https:\/\/bandashcb.com\/index.php?rest_route=%2Fwp%2Fv2%2Fcomments&post=2"}],"version-history":[{"count":286,"href":"https:\/\/bandashcb.com\/index.php?rest_route=\/wp\/v2\/pages\/2\/revisions"}],"predecessor-version":[{"id":902,"href":"https:\/\/bandashcb.com\/index.php?rest_route=\/wp\/v2\/pages\/2\/revisions\/902"}],"wp:attachment":[{"href":"https:\/\/bandashcb.com\/index.php?rest_route=%2Fwp%2Fv2%2Fmedia&parent=2"}],"curies":[{"name":"wp","href":"https:\/\/api.w.org\/{rel}","templated":true}]}}